{"id":3,"date":"2023-08-16T10:45:18","date_gmt":"2023-08-16T08:45:18","guid":{"rendered":"http:\/\/ewblnfi.cluster028.hosting.ovh.net\/?page_id=3"},"modified":"2023-08-24T09:27:16","modified_gmt":"2023-08-24T07:27:16","slug":"politique-de-confidentialite","status":"publish","type":"page","link":"https:\/\/speakidz.com\/index.php\/politique-de-confidentialite\/","title":{"rendered":"Politique de confidentialit\u00e9"},"content":{"rendered":"\t\t<div data-elementor-type=\"wp-page\" data-elementor-id=\"3\" class=\"elementor elementor-3\" data-elementor-post-type=\"page\">\n\t\t\t\t\t\t\t\t\t<section class=\"elementor-section elementor-top-section elementor-element elementor-element-60a29bca elementor-section-boxed elementor-section-height-default elementor-section-height-default\" data-id=\"60a29bca\" data-element_type=\"section\">\n\t\t\t\t\t\t<div class=\"elementor-container elementor-column-gap-default\">\n\t\t\t\t\t<div class=\"elementor-column elementor-col-100 elementor-top-column elementor-element elementor-element-30017742\" data-id=\"30017742\" data-element_type=\"column\">\n\t\t\t<div class=\"elementor-widget-wrap elementor-element-populated\">\n\t\t\t\t\t\t\t\t<div class=\"elementor-element elementor-element-2e6ab7be elementor-widget elementor-widget-text-editor\" data-id=\"2e6ab7be\" data-element_type=\"widget\" data-widget_type=\"text-editor.default\">\n\t\t\t\t<div class=\"elementor-widget-container\">\n\t\t\t<style>\/*! elementor - v3.15.0 - 09-08-2023 *\/\n.elementor-widget-text-editor.elementor-drop-cap-view-stacked .elementor-drop-cap{background-color:#69727d;color:#fff}.elementor-widget-text-editor.elementor-drop-cap-view-framed .elementor-drop-cap{color:#69727d;border:3px solid;background-color:transparent}.elementor-widget-text-editor:not(.elementor-drop-cap-view-default) .elementor-drop-cap{margin-top:8px}.elementor-widget-text-editor:not(.elementor-drop-cap-view-default) .elementor-drop-cap-letter{width:1em;height:1em}.elementor-widget-text-editor .elementor-drop-cap{float:left;text-align:center;line-height:1;font-size:50px}.elementor-widget-text-editor .elementor-drop-cap-letter{display:inline-block}<\/style>\t\t\t\t<h2 class=\"wp-block-heading\"><span style=\"color: #cd6456;\">Qui sommes-nous\u00a0?<\/span><\/h2>\n<p><!-- \/wp:heading -->\n\n<!-- wp:paragraph --><\/p>\n<p>L\u2019adresse de notre site est\u00a0: http:\/\/speakil.cluster030.hosting.ovh.net\/lg248569-ovh.<\/p>\n<p><!-- \/wp:paragraph -->\n\n<!-- wp:paragraph --><\/p>\n<p>Vous disposez d\u2019un droit d\u2019acc\u00e8s, de modification, de rectification et de suppression des donn\u00e9es qui vous concernent (loi \u00ab\u00a0Informatique et Libert\u00e9s \u00a0\u00bb du 6 janvier 1978).<\/p>\n<p><!-- \/wp:paragraph -->\n\n<!-- wp:paragraph --><\/p>\n<p>Pour l\u2019exercer, utilisez le formulaire de contact ou adressez-vous \u00e0 :<\/p>\n<p><!-- \/wp:paragraph -->\n\n<!-- wp:paragraph --><\/p>\n<p><strong>SPEAK&rsquo;IDZ<\/strong><br \/>06 95 52 60 77<br \/><a href=\"mailto:contact@speak-dating.com\">contact@speakidz.com<\/a><\/p>\n<p><!-- \/wp:paragraph -->\n\n<!-- wp:paragraph --><\/p>\n<p>Vous \u00eates actuellement librement connect\u00e9 sur le site www.speakidz.com (ci-apr\u00e8s d\u00e9sign\u00e9 le \u00ab Site \u00bb)<\/p>\n<p><!-- \/wp:paragraph -->\n\n<!-- wp:paragraph --><\/p>\n<p><strong>Site con\u00e7u et r\u00e9alis\u00e9 par :<\/strong><br \/>Ana\u00efs MAURY <br \/>07 68 41 82 05<br \/>54000 NANCY <br \/><br \/><strong>H\u00e9bergeur :<br \/><\/strong>OVH<br \/>www.ovh.com<\/p>\n<p><!-- \/wp:paragraph -->\n\n<!-- wp:paragraph --><\/p>\n<p>Pour acc\u00e9der au site dans des conditions optimales, n\u2019oubliez pas de mettre \u00e0 jour votre navigateur en installant la derni\u00e8re version.<\/p>\n<p><!-- \/wp:paragraph -->\n\n<!-- wp:heading --><\/p>\n<h2 class=\"wp-block-heading\"><span style=\"color: #cd6456;\">Politiques de confidentialit\u00e9<\/span><\/h2>\n<p><!-- \/wp:heading -->\n\n<!-- wp:paragraph --><\/p>\n<p>D\u2019une fa\u00e7on g\u00e9n\u00e9rale, vous pouvez visiter notre site Internet sans avoir \u00e0 d\u00e9cliner votre identit\u00e9 et \u00e0 fournir des informations personnelles vous concernant.<br \/>Cependant, nous pouvons parfois vous demander des informations.<\/p>\n<p><!-- \/wp:paragraph -->\n\n<!-- wp:paragraph --><\/p>\n<p>Par exemple, pour traiter une commande, \u00e9tablir une correspondance, fournir un abonnement ou soumettre une candidature \u00e0 un poste.<br \/>Nous pouvons compl\u00e9ter ces informations pour conclure une transaction ou offrir un meilleur service.<\/p>\n<p><!-- \/wp:paragraph -->\n\n<!-- wp:paragraph --><\/p>\n<p>Les informations recueillies sur les formulaires sont enregistr\u00e9es dans un fichier informatis\u00e9 par Speak&rsquo;Idz pour la gestion de notre client\u00e8le.<br \/>Elles sont conserv\u00e9es pendant 1 an et sont destin\u00e9es \u00e0 Speak&rsquo;Idz, en aucun cas elles ne sont c\u00e9d\u00e9es, vendues ou partag\u00e9es \u00e0 des tiers.<br \/>Conform\u00e9ment au R\u00e8glement g\u00e9n\u00e9ral sur la protection des donn\u00e9es (RGPD), vous pouvez exercer votre droit d\u2019acc\u00e8s aux donn\u00e9es vous concernant et les faire rectifier ou supprimer en contactant :<br \/>Speak&rsquo;Idz<br \/>contact@speakidz.com<\/p>\n<p><!-- \/wp:paragraph -->\n\n<!-- wp:paragraph --><\/p>\n<p>Nous vous informons de l\u2019existence de la liste d\u2019opposition au d\u00e9marchage t\u00e9l\u00e9phonique \u00ab Bloctel \u00bb, sur laquelle vous pouvez vous inscrire ici : https:\/\/conso.bloctel.fr\/<\/p>\n<p><!-- \/wp:paragraph -->\n\n<!-- wp:heading --><\/p>\n<h2 class=\"wp-block-heading\"><span style=\"color: #cd6456;\"><strong>Droit d\u2019auteur :<\/strong><\/span><\/h2>\n<p><!-- \/wp:heading --> \n\n<!-- wp:paragraph --><\/p>\n<p>Les vid\u00e9os, photos, textes et logos contenus sur le site web de Speak&rsquo;Idz, sont prot\u00e9g\u00e9s par des droits de propri\u00e9t\u00e9 intellectuelle d\u00e9tenus par Speak&rsquo;Idz. Les applications sont prot\u00e9g\u00e9es par des droits de propri\u00e9t\u00e9 intellectuelle d\u00e9tenus par des tiers.<\/p>\n<p><!-- \/wp:paragraph -->\n\n<!-- wp:heading --><\/p>\n<h2 class=\"wp-block-heading\"><span style=\"color: #cd6456;\">Cookies<\/span><\/h2>\n<p><!-- \/wp:heading --> \n\n<!-- wp:paragraph --><\/p>\n<p>Certaines parties du site implantent un \u00ab cookie \u00bb dans votre ordinateur. Un cookie ne nous permet pas de vous identifier. De mani\u00e8re g\u00e9n\u00e9rale, il enregistre des informations relatives \u00e0 la navigation de votre ordinateur sur notre site (les pages que vous avez consult\u00e9es, la date et l\u2019heure de la consultation, etc.) que nous pourrons lire lors de vos visites ult\u00e9rieures. Ainsi, vous n\u2019aurez pas besoin de remplir \u00e0 nouveau les formulaires que nous vous avons propos\u00e9s. La dur\u00e9e de conservation de ces informations dans votre ordinateur est d\u2019un an. Vous avez la possibilit\u00e9 de param\u00e9trer votre navigateur pour vous opposer \u00e0 l\u2019enregistrement de \u00ab cookies \u00bb.<\/p>\n<p><!-- \/wp:paragraph -->\n\n<!-- wp:paragraph --><\/p>\n<p>\u00c9tablissements de liens Speak&rsquo;Idz autorise la mise en place d\u2019un lien hypertexte pour tous les sites internet, \u00e0 l\u2019exclusion de ceux diffusant des informations \u00e0 caract\u00e8re pol\u00e9mique, pornographique, x\u00e9nophobe ou pouvant, dans une plus large mesure porter atteinte \u00e0 la sensibilit\u00e9 du plus grand nombre. Le lien doit aboutir \u00e0 la page d\u2019accueil du site et le site www.speakidz.com doit appara\u00eetre dans une nouvelle fen\u00eatre. Les pages du site www.speakidz.com ne doivent en aucun cas \u00eatre int\u00e9gr\u00e9es \u00e0 l\u2019int\u00e9rieur des pages d\u2019un autre site. Sauf autorisation sp\u00e9cifique qui pourra \u00eatre accord\u00e9e au cas par cas, la technique du lien profond est totalement interdite. La demande d\u2019\u00e9tablissement de lien hypertexte \u00e0 partir du site de Speak&rsquo;Idz doit \u00eatre faite par courriel. Speak&rsquo;Idz se r\u00e9serve le droit de demander la suppression d\u2019un lien si elle estime que le site cible ne respecte pas les r\u00e8gles ainsi d\u00e9finies.<\/p>\n<p><!-- \/wp:paragraph -->\n\n<!-- wp:paragraph --><\/p>\n<p>&nbsp;<\/p>\n<p><!-- \/wp:paragraph -->\n\n<!-- wp:heading --><\/p>\n<h2 class=\"wp-block-heading\"><span style=\"color: #cd6456;\">Dur\u00e9es de stockage de vos donn\u00e9es<\/span><\/h2>\n<p><!-- \/wp:heading --> \n\n<!-- wp:paragraph --><\/p>\n<p>Si vous laissez un commentaire, le commentaire et ses m\u00e9tadonn\u00e9es sont conserv\u00e9s ind\u00e9finiment. Cela permet de reconna\u00eetre et approuver automatiquement les commentaires suivants au lieu de les laisser dans la file de mod\u00e9ration.<\/p>\n<p><!-- \/wp:paragraph -->\n\n<!-- wp:paragraph --><\/p>\n<p>Pour les comptes qui s\u2019inscrivent sur notre site (le cas \u00e9ch\u00e9ant), nous stockons \u00e9galement les donn\u00e9es personnelles indiqu\u00e9es dans leur profil. Tous les comptes peuvent voir, modifier ou supprimer leurs informations personnelles \u00e0 tout moment (\u00e0 l\u2019exception de leur identifiant). Les gestionnaires du site peuvent aussi voir et modifier ces informations.<\/p>\n<p><!-- \/wp:paragraph -->\n\n<!-- wp:heading --><\/p>\n<h2 class=\"wp-block-heading\"><span style=\"color: #cd6456;\">Cr\u00e9dits photos :<\/span><\/h2>\n<p><!-- \/wp:heading --> \n\n<!-- wp:paragraph --><\/p>\n<p>SPEAK&rsquo;IDZ<\/p>\n<p><!-- \/wp:paragraph -->\n\n<!-- wp:paragraph --><\/p>\n<p>Leur extraction est exclusivement r\u00e9serv\u00e9e \u00e0 un usage strictement personnel, non collectif et non commercial.<\/p>\n<p><!-- \/wp:paragraph -->\n\n<!-- wp:paragraph --><\/p>\n<p>Toute autre utilisation, transmission, rediffusion ou reproduction de ces photos, textes, logos et applications pour un objet autre que personnel et non commercial, y compris sur un autre site web sans un accord \u00e9crit, express et pr\u00e9alable de Speak&rsquo;Idz est strictement prohib\u00e9e.<\/p>\n<p><!-- \/wp:paragraph -->\n\n<!-- wp:paragraph --><\/p>\n<p>Toute reproduction (transfert sur un autre support) ou utilisation de donn\u00e9es du site web de Speak&rsquo;Idz est exclusivement limit\u00e9e \u00e0 l\u2019usage personnel et priv\u00e9 des utilisateurs du r\u00e9seau internet, \u00e0 l\u2019exclusion de toute diffusion notamment \u00e0 usage commercial.<\/p>\n<p><!-- \/wp:paragraph -->\n\n<!-- wp:paragraph --><\/p>\n<p>Toute reproduction ou utilisation, m\u00eame \u00e0 des fins priv\u00e9es, de la totalit\u00e9 ou d\u2019une partie substantielle des donn\u00e9es du site web de Speak&rsquo;Idz est strictement interdite et susceptible de poursuites conform\u00e9ment aux articles L 343-1 et suivants du Code de la Propri\u00e9t\u00e9 intellectuelle, aux r\u00e8glements nationaux et aux conventions internationales en vigueur.<\/p>\n<p><!-- \/wp:paragraph -->\n\n<!-- wp:paragraph --><\/p>\n<p>La violation de ces dispositions imp\u00e9ratives soumet le contrevenant, et toutes les personnes responsables, aux peines p\u00e9nales et civiles pr\u00e9vues par la Loi.<\/p>\n<p><!-- \/wp:paragraph -->\n\n<!-- wp:paragraph --><\/p>\n<p>Conditions d\u2019utilisations du site Speak&rsquo;Idz se r\u00e9serve le droit de modifier, sans notification pr\u00e9alable, le contenu et la pr\u00e9sentation du site. En conformit\u00e9 avec l\u2019article 43 de la loi n\u00b086-1067 du 30 Septembre 1986, il est indiqu\u00e9 que le directeur de la publication du site est \u201cSpeak&rsquo;Idz\u201d. L\u2019utilisateur du site Internet reconna\u00eet disposer de la comp\u00e9tence et des moyens n\u00e9cessaires pour acc\u00e9der et utiliser ce site. Il reconna\u00eet \u00e9galement avoir pris connaissance des informations l\u00e9gales et s\u2019engage \u00e0 les respecter. Il appartient \u00e0 l\u2019utilisateur de faire des informations obtenues un usage conforme \u00e0 la l\u00e9gislation en vigueur.<\/p>\t\t\t\t\t\t<\/div>\n\t\t\t\t<\/div>\n\t\t\t\t\t<\/div>\n\t\t<\/div>\n\t\t\t\t\t\t\t<\/div>\n\t\t<\/section>\n\t\t\t\t\t\t\t<\/div>\n\t\t","protected":false},"excerpt":{"rendered":"<p>Qui sommes-nous\u00a0? L\u2019adresse de notre site est\u00a0: http:\/\/speakil.cluster030.hosting.ovh.net\/lg248569-ovh. Vous disposez d\u2019un droit d\u2019acc\u00e8s, de modification, de rectification et de suppression des donn\u00e9es qui vous concernent (loi \u00ab\u00a0Informatique et Libert\u00e9s \u00a0\u00bb du 6 janvier 1978). Pour l\u2019exercer, utilisez le formulaire de contact ou adressez-vous \u00e0 : SPEAK&rsquo;IDZ06 95 52 60 77contact@speakidz.com Vous \u00eates actuellement librement connect\u00e9 &hellip;<\/p>\n<p class=\"read-more\"> <a class=\"\" href=\"https:\/\/speakidz.com\/index.php\/politique-de-confidentialite\/\"> <span class=\"screen-reader-text\">Politique de confidentialit\u00e9<\/span> Lire la suite\u00a0\u00bb<\/a><\/p>\n","protected":false},"author":1,"featured_media":0,"parent":0,"menu_order":0,"comment_status":"closed","ping_status":"open","template":"","meta":{"_uag_custom_page_level_css":"","site-sidebar-layout":"default","site-content-layout":"","ast-site-content-layout":"","site-content-style":"default","site-sidebar-style":"default","ast-global-header-display":"","ast-banner-title-visibility":"","ast-main-header-display":"","ast-hfb-above-header-display":"","ast-hfb-below-header-display":"","ast-hfb-mobile-header-display":"","site-post-title":"","ast-breadcrumbs-content":"","ast-featured-img":"","footer-sml-layout":"","theme-transparent-header-meta":"","adv-header-id-meta":"","stick-header-meta":"","header-above-stick-meta":"","header-main-stick-meta":"","header-below-stick-meta":"","astra-migrate-meta-layouts":"","footnotes":""},"class_list":["post-3","page","type-page","status-publish","hentry"],"yoast_head":"<!-- This site is optimized with the Yoast SEO plugin v20.13 - https:\/\/yoast.com\/wordpress\/plugins\/seo\/ -->\n<title>Politique de confidentialit\u00e9 - Speak&#039;Idz<\/title>\n<meta name=\"robots\" content=\"index, follow, max-snippet:-1, max-image-preview:large, max-video-preview:-1\" \/>\n<link rel=\"canonical\" href=\"https:\/\/speakidz.com\/index.php\/politique-de-confidentialite\/\" \/>\n<meta property=\"og:locale\" content=\"fr_FR\" \/>\n<meta property=\"og:type\" content=\"article\" \/>\n<meta property=\"og:title\" content=\"Politique de confidentialit\u00e9 - Speak&#039;Idz\" \/>\n<meta property=\"og:description\" content=\"Qui sommes-nous\u00a0? L\u2019adresse de notre site est\u00a0: http:\/\/speakil.cluster030.hosting.ovh.net\/lg248569-ovh. Vous disposez d\u2019un droit d\u2019acc\u00e8s, de modification, de rectification et de suppression des donn\u00e9es qui vous concernent (loi \u00ab\u00a0Informatique et Libert\u00e9s \u00a0\u00bb du 6 janvier 1978). Pour l\u2019exercer, utilisez le formulaire de contact ou adressez-vous \u00e0 : SPEAK&rsquo;IDZ06 95 52 60 77contact@speakidz.com Vous \u00eates actuellement librement connect\u00e9 &hellip; Politique de confidentialit\u00e9 Lire la suite\u00a0\u00bb\" \/>\n<meta property=\"og:url\" content=\"https:\/\/speakidz.com\/index.php\/politique-de-confidentialite\/\" \/>\n<meta property=\"og:site_name\" content=\"Speak&#039;Idz\" \/>\n<meta property=\"article:modified_time\" content=\"2023-08-24T07:27:16+00:00\" \/>\n<meta name=\"twitter:card\" content=\"summary_large_image\" \/>\n<meta name=\"twitter:label1\" content=\"Dur\u00e9e de lecture estim\u00e9e\" \/>\n\t<meta name=\"twitter:data1\" content=\"5 minutes\" \/>\n<script type=\"application\/ld+json\" class=\"yoast-schema-graph\">{\"@context\":\"https:\/\/schema.org\",\"@graph\":[{\"@type\":\"WebPage\",\"@id\":\"https:\/\/speakidz.com\/index.php\/politique-de-confidentialite\/\",\"url\":\"https:\/\/speakidz.com\/index.php\/politique-de-confidentialite\/\",\"name\":\"Politique de confidentialit\u00e9 - Speak&#039;Idz\",\"isPartOf\":{\"@id\":\"https:\/\/speakidz.com\/#website\"},\"datePublished\":\"2023-08-16T08:45:18+00:00\",\"dateModified\":\"2023-08-24T07:27:16+00:00\",\"breadcrumb\":{\"@id\":\"https:\/\/speakidz.com\/index.php\/politique-de-confidentialite\/#breadcrumb\"},\"inLanguage\":\"fr-FR\",\"potentialAction\":[{\"@type\":\"ReadAction\",\"target\":[\"https:\/\/speakidz.com\/index.php\/politique-de-confidentialite\/\"]}]},{\"@type\":\"BreadcrumbList\",\"@id\":\"https:\/\/speakidz.com\/index.php\/politique-de-confidentialite\/#breadcrumb\",\"itemListElement\":[{\"@type\":\"ListItem\",\"position\":1,\"name\":\"Accueil\",\"item\":\"https:\/\/speakidz.com\/\"},{\"@type\":\"ListItem\",\"position\":2,\"name\":\"Politique de confidentialit\u00e9\"}]},{\"@type\":\"WebSite\",\"@id\":\"https:\/\/speakidz.com\/#website\",\"url\":\"https:\/\/speakidz.com\/\",\"name\":\"Speak&#039;Idz\",\"description\":\"L&#039;anglais qui parle aux enfants\",\"publisher\":{\"@id\":\"https:\/\/speakidz.com\/#organization\"},\"potentialAction\":[{\"@type\":\"SearchAction\",\"target\":{\"@type\":\"EntryPoint\",\"urlTemplate\":\"https:\/\/speakidz.com\/?s={search_term_string}\"},\"query-input\":\"required name=search_term_string\"}],\"inLanguage\":\"fr-FR\"},{\"@type\":\"Organization\",\"@id\":\"https:\/\/speakidz.com\/#organization\",\"name\":\"Speak&#039;Idz\",\"url\":\"https:\/\/speakidz.com\/\",\"logo\":{\"@type\":\"ImageObject\",\"inLanguage\":\"fr-FR\",\"@id\":\"https:\/\/speakidz.com\/#\/schema\/logo\/image\/\",\"url\":\"https:\/\/speakidz.com\/wp-content\/uploads\/2020\/02\/Logo-SpeakIdz-2025-2.jpg\",\"contentUrl\":\"https:\/\/speakidz.com\/wp-content\/uploads\/2020\/02\/Logo-SpeakIdz-2025-2.jpg\",\"width\":1080,\"height\":478,\"caption\":\"Speak&#039;Idz\"},\"image\":{\"@id\":\"https:\/\/speakidz.com\/#\/schema\/logo\/image\/\"}}]}<\/script>\n<!-- \/ Yoast SEO plugin. -->","yoast_head_json":{"title":"Politique de confidentialit\u00e9 - Speak&#039;Idz","robots":{"index":"index","follow":"follow","max-snippet":"max-snippet:-1","max-image-preview":"max-image-preview:large","max-video-preview":"max-video-preview:-1"},"canonical":"https:\/\/speakidz.com\/index.php\/politique-de-confidentialite\/","og_locale":"fr_FR","og_type":"article","og_title":"Politique de confidentialit\u00e9 - Speak&#039;Idz","og_description":"Qui sommes-nous\u00a0? L\u2019adresse de notre site est\u00a0: http:\/\/speakil.cluster030.hosting.ovh.net\/lg248569-ovh. Vous disposez d\u2019un droit d\u2019acc\u00e8s, de modification, de rectification et de suppression des donn\u00e9es qui vous concernent (loi \u00ab\u00a0Informatique et Libert\u00e9s \u00a0\u00bb du 6 janvier 1978). Pour l\u2019exercer, utilisez le formulaire de contact ou adressez-vous \u00e0 : SPEAK&rsquo;IDZ06 95 52 60 77contact@speakidz.com Vous \u00eates actuellement librement connect\u00e9 &hellip; Politique de confidentialit\u00e9 Lire la suite\u00a0\u00bb","og_url":"https:\/\/speakidz.com\/index.php\/politique-de-confidentialite\/","og_site_name":"Speak&#039;Idz","article_modified_time":"2023-08-24T07:27:16+00:00","twitter_card":"summary_large_image","twitter_misc":{"Dur\u00e9e de lecture estim\u00e9e":"5 minutes"},"schema":{"@context":"https:\/\/schema.org","@graph":[{"@type":"WebPage","@id":"https:\/\/speakidz.com\/index.php\/politique-de-confidentialite\/","url":"https:\/\/speakidz.com\/index.php\/politique-de-confidentialite\/","name":"Politique de confidentialit\u00e9 - Speak&#039;Idz","isPartOf":{"@id":"https:\/\/speakidz.com\/#website"},"datePublished":"2023-08-16T08:45:18+00:00","dateModified":"2023-08-24T07:27:16+00:00","breadcrumb":{"@id":"https:\/\/speakidz.com\/index.php\/politique-de-confidentialite\/#breadcrumb"},"inLanguage":"fr-FR","potentialAction":[{"@type":"ReadAction","target":["https:\/\/speakidz.com\/index.php\/politique-de-confidentialite\/"]}]},{"@type":"BreadcrumbList","@id":"https:\/\/speakidz.com\/index.php\/politique-de-confidentialite\/#breadcrumb","itemListElement":[{"@type":"ListItem","position":1,"name":"Accueil","item":"https:\/\/speakidz.com\/"},{"@type":"ListItem","position":2,"name":"Politique de confidentialit\u00e9"}]},{"@type":"WebSite","@id":"https:\/\/speakidz.com\/#website","url":"https:\/\/speakidz.com\/","name":"Speak&#039;Idz","description":"L&#039;anglais qui parle aux enfants","publisher":{"@id":"https:\/\/speakidz.com\/#organization"},"potentialAction":[{"@type":"SearchAction","target":{"@type":"EntryPoint","urlTemplate":"https:\/\/speakidz.com\/?s={search_term_string}"},"query-input":"required name=search_term_string"}],"inLanguage":"fr-FR"},{"@type":"Organization","@id":"https:\/\/speakidz.com\/#organization","name":"Speak&#039;Idz","url":"https:\/\/speakidz.com\/","logo":{"@type":"ImageObject","inLanguage":"fr-FR","@id":"https:\/\/speakidz.com\/#\/schema\/logo\/image\/","url":"https:\/\/speakidz.com\/wp-content\/uploads\/2020\/02\/Logo-SpeakIdz-2025-2.jpg","contentUrl":"https:\/\/speakidz.com\/wp-content\/uploads\/2020\/02\/Logo-SpeakIdz-2025-2.jpg","width":1080,"height":478,"caption":"Speak&#039;Idz"},"image":{"@id":"https:\/\/speakidz.com\/#\/schema\/logo\/image\/"}}]}},"uagb_featured_image_src":{"full":false,"thumbnail":false,"medium":false,"medium_large":false,"large":false,"1536x1536":false,"2048x2048":false},"uagb_author_info":{"display_name":"admin2128","author_link":"https:\/\/speakidz.com\/index.php\/author\/admin2128\/"},"uagb_comment_info":0,"uagb_excerpt":"Qui sommes-nous\u00a0? L\u2019adresse de notre site est\u00a0: http:\/\/speakil.cluster030.hosting.ovh.net\/lg248569-ovh. Vous disposez d\u2019un droit d\u2019acc\u00e8s, de modification, de rectification et de suppression des donn\u00e9es qui vous concernent (loi \u00ab\u00a0Informatique et Libert\u00e9s \u00a0\u00bb du 6 janvier 1978). Pour l\u2019exercer, utilisez le formulaire de contact ou adressez-vous \u00e0 : SPEAK&rsquo;IDZ06 95 52 60 77contact@speakidz.com Vous \u00eates actuellement librement connect\u00e9\u2026","_links":{"self":[{"href":"https:\/\/speakidz.com\/index.php\/wp-json\/wp\/v2\/pages\/3","targetHints":{"allow":["GET"]}}],"collection":[{"href":"https:\/\/speakidz.com\/index.php\/wp-json\/wp\/v2\/pages"}],"about":[{"href":"https:\/\/speakidz.com\/index.php\/wp-json\/wp\/v2\/types\/page"}],"author":[{"embeddable":true,"href":"https:\/\/speakidz.com\/index.php\/wp-json\/wp\/v2\/users\/1"}],"replies":[{"embeddable":true,"href":"https:\/\/speakidz.com\/index.php\/wp-json\/wp\/v2\/comments?post=3"}],"version-history":[{"count":6,"href":"https:\/\/speakidz.com\/index.php\/wp-json\/wp\/v2\/pages\/3\/revisions"}],"predecessor-version":[{"id":846,"href":"https:\/\/speakidz.com\/index.php\/wp-json\/wp\/v2\/pages\/3\/revisions\/846"}],"wp:attachment":[{"href":"https:\/\/speakidz.com\/index.php\/wp-json\/wp\/v2\/media?parent=3"}],"curies":[{"name":"wp","href":"https:\/\/api.w.org\/{rel}","templated":true}]}}